{"id":22,"date":"2019-03-20T09:48:39","date_gmt":"2019-03-20T08:48:39","guid":{"rendered":"http:\/\/parkeabizirik.org\/?page_id=22"},"modified":"2019-03-20T10:00:30","modified_gmt":"2019-03-20T09:00:30","slug":"acerca-de","status":"publish","type":"page","link":"https:\/\/parkeabizirik.org\/index.php\/acerca-de\/","title":{"rendered":"Acerca de Parkea Bizirik"},"content":{"rendered":"\n<p>Desde Parkea Bizirik llevamos a\u00f1os denunciando la progresiva destrucci\u00f3n del parque de Cristina Enea. Las obras de reforma principales finalizaron en 2007 y conllevaron el derribo de la casa del guarda, la modificaci\u00f3n total del estanque de los patos, pavimentaci\u00f3n de caminos, y la tala de m\u00e1s de 130 \u00e1rboles, entre otras cosas. Pero en a\u00f1os posteriores se han seguido, y se siguen realizando nuevas talas anuales, especialmente de \u00e1rboles de gran porte.<\/p>\n\n\n\n<p>El objetivo de esta web es denunciar no solo las talas y obras realizadas en el parque, sino m\u00e1s en general en toda la ciudad de Donostia &#8211; San Sebasti\u00e1n. <\/p>\n\n\n\n<p><\/p>\n\n\n\n<p><\/p>\n","protected":false},"excerpt":{"rendered":"<p>Desde Parkea Bizirik llevamos a\u00f1os denunciando la progresiva destrucci\u00f3n del parque de Cristina Enea. Las obras de reforma principales finalizaron en 2007 y conllevaron el derribo de la casa del guarda, la modificaci\u00f3n total del estanque de los patos, pavimentaci\u00f3n de caminos, y la tala de m\u00e1s de 130 \u00e1rboles, entre otras cosas. Pero en &hellip; <a href=\"https:\/\/parkeabizirik.org\/index.php\/acerca-de\/\" class=\"more-link\">Continuar leyendo<span class=\"screen-reader-text\"> \u00abAcerca de Parkea Bizirik\u00bb<\/span><\/a><\/p>\n","protected":false},"author":1,"featured_media":0,"parent":0,"menu_order":0,"comment_status":"closed","ping_status":"closed","template":"","meta":[],"_links":{"self":[{"href":"https:\/\/parkeabizirik.org\/index.php\/wp-json\/wp\/v2\/pages\/22"}],"collection":[{"href":"https:\/\/parkeabizirik.org\/index.php\/wp-json\/wp\/v2\/pages"}],"about":[{"href":"https:\/\/parkeabizirik.org\/index.php\/wp-json\/wp\/v2\/types\/page"}],"author":[{"embeddable":true,"href":"https:\/\/parkeabizirik.org\/index.php\/wp-json\/wp\/v2\/users\/1"}],"replies":[{"embeddable":true,"href":"https:\/\/parkeabizirik.org\/index.php\/wp-json\/wp\/v2\/comments?post=22"}],"version-history":[{"count":4,"href":"https:\/\/parkeabizirik.org\/index.php\/wp-json\/wp\/v2\/pages\/22\/revisions"}],"predecessor-version":[{"id":31,"href":"https:\/\/parkeabizirik.org\/index.php\/wp-json\/wp\/v2\/pages\/22\/revisions\/31"}],"wp:attachment":[{"href":"https:\/\/parkeabizirik.org\/index.php\/wp-json\/wp\/v2\/media?parent=22"}],"curies":[{"name":"wp","href":"https:\/\/api.w.org\/{rel}","templated":true}]}}